{"id":765,"date":"2020-09-29T10:55:14","date_gmt":"2020-09-29T08:55:14","guid":{"rendered":"https:\/\/www.leitnerbrigitte.it\/20\/?page_id=765"},"modified":"2021-02-07T22:12:47","modified_gmt":"2021-02-07T21:12:47","slug":"psychotherapie","status":"publish","type":"page","link":"https:\/\/www.leitnerbrigitte.it\/20\/psychotherapie\/","title":{"rendered":"Psychotherapie"},"content":{"rendered":"<p><div class=\"fusion-fullwidth fullwidth-box fusion-builder-row-1 fusion-flex-container nonhundred-percent-fullwidth non-hundred-percent-height-scrolling\" style=\"background-color: #f7f7f7;background-position: center center;background-repeat: no-repeat;border-width: 0px 0px 0px 0px;border-color:#eae9e9;border-style:solid;\" ><div class=\"fusion-builder-row fusion-row fusion-flex-align-items-stretch fusion-flex-justify-content-center\" style=\"max-width:1144px;margin-left: calc(-4% \/ 2 );margin-right: calc(-4% \/ 2 );\"><div class=\"fusion-layout-column fusion_builder_column fusion-builder-column-0 fusion_builder_column_1_2 1_2 fusion-flex-column fusion-flex-align-self-flex-start fusion-column-no-min-height\"><div class=\"fusion-column-wrapper fusion-flex-justify-content-flex-start fusion-content-layout-column\" style=\"background-position:left top;background-repeat:no-repeat;-webkit-background-size:cover;-moz-background-size:cover;-o-background-size:cover;background-size:cover;padding: 0px 0px 0px 0px;\"><div class=\"fusion-text fusion-text-1\"><p style=\"text-align: center; font-size: 22px; line-height: 32px; font-weight: 300;\">Psychotherapie<\/p>\n<\/div><div class=\"fusion-separator\" style=\"align-self: center;margin-left: auto;margin-right: auto;margin-bottom:35px;width:100%;max-width:100px;\"><div class=\"fusion-separator-border sep-single sep-solid\" style=\"border-color:#e4e3c8;border-top-width:2px;\"><\/div><\/div><style type=\"text\/css\">@media only screen and (max-width:1280px) {.fusion-title.fusion-title-1{margin-top:0px!important; margin-right:0px!important;margin-bottom:31px!important;margin-left:0px!important;}}@media only screen and (max-width:1024px) {.fusion-title.fusion-title-1{margin-top:0px!important; margin-right:0px!important;margin-bottom:20px!important; margin-left:0px!important;}}<\/style><div class=\"fusion-title title fusion-title-1 fusion-title-center fusion-title-text fusion-title-size-two\" style=\"margin-top:0px;margin-right:0px;margin-bottom:31px;margin-left:0px;\"><div class=\"title-sep-container title-sep-container-left\"><div class=\"title-sep sep-\" style=\"border-color:#eff3f9;\"><\/div><\/div><span class=\"awb-title-spacer\"><\/span><h2 class=\"title-heading-center\" style=\"margin:0;\">Eine Zeit in der Sie &#8230;<\/h2><span class=\"awb-title-spacer\"><\/span><div class=\"title-sep-container title-sep-container-right\"><div class=\"title-sep sep-\" style=\"border-color:#eff3f9;\"><\/div><\/div><\/div><ul class=\"fusion-checklist fusion-checklist-1\" style=\"font-size:22px;line-height:37.4px;\"><li class=\"fusion-li-item\"><span style=\"height:37.4px;width:37.4px;margin-right:15.4px;\" class=\"icon-wrapper circle-no\"><i class=\"fusion-li-icon fa-chevron-right fas\" style=\"color:#e4e3c8;\" aria-hidden=\"true\"><\/i><\/span><div class=\"fusion-li-item-content\" style=\"margin-left:52.8px;\">\n<p class=\"p1\">Geh\u00f6rt werden<\/p>\n<\/div><\/li><li class=\"fusion-li-item\"><span style=\"height:37.4px;width:37.4px;margin-right:15.4px;\" class=\"icon-wrapper circle-no\"><i class=\"fusion-li-icon fa-chevron-right fas\" style=\"color:#e4e3c8;\" aria-hidden=\"true\"><\/i><\/span><div class=\"fusion-li-item-content\" style=\"margin-left:52.8px;\">\n<p class=\"p1\">Verstanden werden<\/p>\n<\/div><\/li><li class=\"fusion-li-item\"><span style=\"height:37.4px;width:37.4px;margin-right:15.4px;\" class=\"icon-wrapper circle-no\"><i class=\"fusion-li-icon fa-chevron-right fas\" style=\"color:#e4e3c8;\" aria-hidden=\"true\"><\/i><\/span><div class=\"fusion-li-item-content\" style=\"margin-left:52.8px;\">\n<div class=\"page\" title=\"Page 1\">\n<div class=\"section\">\n<div class=\"layoutArea\">\n<div class=\"column\">\n<p>Im Mittelpunkt stehen<\/p>\n<\/div>\n<\/div>\n<\/div>\n<\/div>\n<\/div><\/li><li class=\"fusion-li-item\"><span style=\"height:37.4px;width:37.4px;margin-right:15.4px;\" class=\"icon-wrapper circle-no\"><i class=\"fusion-li-icon fa-chevron-right fas\" style=\"color:#e4e3c8;\" aria-hidden=\"true\"><\/i><\/span><div class=\"fusion-li-item-content\" style=\"margin-left:52.8px;\">\n<p class=\"p1\">Abschalten d\u00fcrfen und entspannen<\/p>\n<\/div><\/li><li class=\"fusion-li-item\"><span style=\"height:37.4px;width:37.4px;margin-right:15.4px;\" class=\"icon-wrapper circle-no\"><i class=\"fusion-li-icon fa-chevron-right fas\" style=\"color:#e4e3c8;\" aria-hidden=\"true\"><\/i><\/span><div class=\"fusion-li-item-content\" style=\"margin-left:52.8px;\">\n<p class=\"p1\">So sein d\u00fcrfen wie Sie sind<\/p>\n<\/div><\/li><li class=\"fusion-li-item\"><span style=\"height:37.4px;width:37.4px;margin-right:15.4px;\" class=\"icon-wrapper circle-no\"><i class=\"fusion-li-icon fa-chevron-right fas\" style=\"color:#e4e3c8;\" aria-hidden=\"true\"><\/i><\/span><div class=\"fusion-li-item-content\" style=\"margin-left:52.8px;\">\n<p class=\"p1\">Lernen mit \u00c4ngsten und Sorgen anders umzugehen<\/p>\n<\/div><\/li><li class=\"fusion-li-item\"><span style=\"height:37.4px;width:37.4px;margin-right:15.4px;\" class=\"icon-wrapper circle-no\"><i class=\"fusion-li-icon fa-chevron-right fas\" style=\"color:#e4e3c8;\" aria-hidden=\"true\"><\/i><\/span><div class=\"fusion-li-item-content\" style=\"margin-left:52.8px;\">\n<p class=\"p1\">Sich besser kennenlernen<\/p>\n<\/div><\/li><li class=\"fusion-li-item\"><span style=\"height:37.4px;width:37.4px;margin-right:15.4px;\" class=\"icon-wrapper circle-no\"><i class=\"fusion-li-icon fa-chevron-right fas\" style=\"color:#e4e3c8;\" aria-hidden=\"true\"><\/i><\/span><div class=\"fusion-li-item-content\" style=\"margin-left:52.8px;\">\n<p class=\"p1\">Zu neuen Sichtweisen gelangen k\u00f6nnen und unver\u00e4nderbare Lebenssituationen mit anderen Augen zu betrachten<\/p>\n<\/div><\/li><li class=\"fusion-li-item\"><span style=\"height:37.4px;width:37.4px;margin-right:15.4px;\" class=\"icon-wrapper circle-no\"><i class=\"fusion-li-icon fa-chevron-right fas\" style=\"color:#e4e3c8;\" aria-hidden=\"true\"><\/i><\/span><div class=\"fusion-li-item-content\" style=\"margin-left:52.8px;\">\n<p class=\"p1\">Sich pers\u00f6nlich weiterentwickeln k\u00f6nnen und zu mehr Selbstwert und Lebensfreude gelangen<\/p>\n<\/div><\/li><\/ul><\/div><style type=\"text\/css\">.fusion-body .fusion-builder-column-0{width:50% !important;margin-top : 2%;margin-bottom : 30px;}.fusion-builder-column-0 > .fusion-column-wrapper {padding-top : 0px !important;padding-right : 0px !important;margin-right : 3.84%;padding-bottom : 0px !important;padding-left : 0px !important;margin-left : 3.84%;}@media only screen and (max-width:1280px) {.fusion-body .fusion-builder-column-0{width:100% !important;}.fusion-builder-column-0 > .fusion-column-wrapper {margin-right : 1.92%;margin-left : 1.92%;}}@media only screen and (max-width:1024px) {.fusion-body .fusion-builder-column-0{width:100% !important;}.fusion-builder-column-0 > .fusion-column-wrapper {margin-right : 1.92%;margin-left : 1.92%;}}<\/style><\/div><div class=\"fusion-layout-column fusion_builder_column fusion-builder-column-1 fusion_builder_column_1_2 1_2 fusion-flex-column\"><div class=\"fusion-column-wrapper fusion-flex-justify-content-flex-start fusion-content-layout-column\" style=\"background-position:left top;background-repeat:no-repeat;-webkit-background-size:cover;-moz-background-size:cover;-o-background-size:cover;background-size:cover;padding: 0px 0px 0px 0px;\"><div style=\"text-align:center;\"><span class=\" fusion-imageframe imageframe-dropshadow imageframe-1 hover-type-none\" style=\"-webkit-box-shadow: 3px 3px 7px rgba(164,150,113,0.3);box-shadow: 3px 3px 7px rgba(164,150,113,0.3);\"><img width=\"1200\" height=\"798\" src=\"https:\/\/www.leitnerbrigitte.it\/20\/wp-content\/uploads\/2020\/09\/DSC_3371.jpg\" class=\"img-responsive wp-image-747\" srcset=\"https:\/\/www.leitnerbrigitte.it\/20\/wp-content\/uploads\/2020\/09\/DSC_3371-200x133.jpg 200w, https:\/\/www.leitnerbrigitte.it\/20\/wp-content\/uploads\/2020\/09\/DSC_3371-400x266.jpg 400w, https:\/\/www.leitnerbrigitte.it\/20\/wp-content\/uploads\/2020\/09\/DSC_3371-600x399.jpg 600w, https:\/\/www.leitnerbrigitte.it\/20\/wp-content\/uploads\/2020\/09\/DSC_3371-800x532.jpg 800w, https:\/\/www.leitnerbrigitte.it\/20\/wp-content\/uploads\/2020\/09\/DSC_3371.jpg 1200w\" sizes=\"(max-width: 1280px) 100vw, (max-width: 1024px) 100vw, 600px\" \/><\/span><\/div><div class=\"fusion-separator\" style=\"align-self: center;margin-left: auto;margin-right: auto;margin-top:35px;margin-bottom:35px;width:100%;max-width:100px;\"><div class=\"fusion-separator-border sep-single sep-solid\" style=\"border-color:#f7f7f7;border-top-width:2px;\"><\/div><\/div><div style=\"text-align:center;\"><span class=\" fusion-imageframe imageframe-dropshadow imageframe-2 hover-type-none\" style=\"-webkit-box-shadow: 3px 3px 7px rgba(164,150,113,0.3);box-shadow: 3px 3px 7px rgba(164,150,113,0.3);\"><img width=\"1200\" height=\"798\" src=\"https:\/\/www.leitnerbrigitte.it\/20\/wp-content\/uploads\/2020\/09\/zitat.jpg\" class=\"img-responsive wp-image-702\" srcset=\"https:\/\/www.leitnerbrigitte.it\/20\/wp-content\/uploads\/2020\/09\/zitat-200x133.jpg 200w, https:\/\/www.leitnerbrigitte.it\/20\/wp-content\/uploads\/2020\/09\/zitat-400x266.jpg 400w, https:\/\/www.leitnerbrigitte.it\/20\/wp-content\/uploads\/2020\/09\/zitat-600x399.jpg 600w, https:\/\/www.leitnerbrigitte.it\/20\/wp-content\/uploads\/2020\/09\/zitat-800x532.jpg 800w, https:\/\/www.leitnerbrigitte.it\/20\/wp-content\/uploads\/2020\/09\/zitat.jpg 1200w\" sizes=\"(max-width: 1280px) 100vw, (max-width: 1024px) 100vw, 600px\" \/><\/span><\/div><\/div><style type=\"text\/css\">.fusion-body .fusion-builder-column-1{width:50% !important;margin-top : 0px;margin-bottom : 20px;}.fusion-builder-column-1 > .fusion-column-wrapper {padding-top : 0px !important;padding-right : 0px !important;margin-right : 3.84%;padding-bottom : 0px !important;padding-left : 0px !important;margin-left : 3.84%;}@media only screen and (max-width:1280px) {.fusion-body .fusion-builder-column-1{width:100% !important;order : 0;}.fusion-builder-column-1 > .fusion-column-wrapper {margin-right : 1.92%;margin-left : 1.92%;}}@media only screen and (max-width:1024px) {.fusion-body .fusion-builder-column-1{width:100% !important;order : 0;}.fusion-builder-column-1 > .fusion-column-wrapper {margin-right : 1.92%;margin-left : 1.92%;}}<\/style><\/div><\/div><style type=\"text\/css\">.fusion-body .fusion-flex-container.fusion-builder-row-1{ padding-top : 90px;margin-top : 0px;padding-right : 0px;padding-bottom : 90px;margin-bottom : 0px;padding-left : 0px;}<\/style><\/div>\n<div class=\"fusion-fullwidth fullwidth-box fusion-builder-row-2 fusion-flex-container nonhundred-percent-fullwidth non-hundred-percent-height-scrolling\" style=\"background-color: rgba(255,255,255,0);background-position: center center;background-repeat: no-repeat;border-width: 0px 0px 0px 0px;border-color:#eae9e9;border-style:solid;\" ><div class=\"fusion-builder-row fusion-row fusion-flex-align-items-flex-start\" style=\"max-width:1144px;margin-left: calc(-4% \/ 2 );margin-right: calc(-4% \/ 2 );\"><div class=\"fusion-layout-column fusion_builder_column fusion-builder-column-2 fusion_builder_column_1_1 1_1 fusion-flex-column\"><div class=\"fusion-column-wrapper fusion-flex-justify-content-flex-start fusion-content-layout-column\" style=\"background-position:left top;background-repeat:no-repeat;-webkit-background-size:cover;-moz-background-size:cover;-o-background-size:cover;background-size:cover;padding: 0px 0px 0px 0px;\"><\/div><style type=\"text\/css\">.fusion-body .fusion-builder-column-2{width:100% !important;margin-top : 0px;margin-bottom : 20px;}.fusion-builder-column-2 > .fusion-column-wrapper {padding-top : 0px !important;padding-right : 0px !important;margin-right : 1.92%;padding-bottom : 0px !important;padding-left : 0px !important;margin-left : 1.92%;}@media only screen and (max-width:1280px) {.fusion-body .fusion-builder-column-2{width:100% !important;order : 0;}.fusion-builder-column-2 > .fusion-column-wrapper {margin-right : 1.92%;margin-left : 1.92%;}}@media only screen and (max-width:1024px) {.fusion-body .fusion-builder-column-2{width:100% !important;order : 0;}.fusion-builder-column-2 > .fusion-column-wrapper {margin-right : 1.92%;margin-left : 1.92%;}}<\/style><\/div><\/div><style type=\"text\/css\">.fusion-body .fusion-flex-container.fusion-builder-row-2{ padding-top : 0px;margin-top : 0px;padding-right : 0px;padding-bottom : 0px;margin-bottom : 0px;padding-left : 0px;}<\/style><\/div><div class=\"fusion-bg-parallax\" data-bg-align=\"center center\" data-direction=\"right\" data-mute=\"false\" data-opacity=\"100\" data-velocity=\"-0.8\" data-mobile-enabled=\"false\" data-break_parents=\"0\" data-bg-image=\"https:\/\/www.leitnerbrigitte.it\/20\/wp-content\/uploads\/2020\/09\/praxis3.jpg\" data-bg-repeat=\"false\" ><\/div><div class=\"fusion-fullwidth fullwidth-box fusion-builder-row-3 fusion-flex-container fusion-parallax-right nonhundred-percent-fullwidth non-hundred-percent-height-scrolling\" style=\"background-color: rgba(255,255,255,0);background-image: url(&quot;https:\/\/www.leitnerbrigitte.it\/20\/wp-content\/uploads\/2020\/09\/praxis3.jpg&quot;);background-position: center center;background-repeat: no-repeat;border-width: 0px 0px 0px 0px;border-color:#eae9e9;border-style:solid;-webkit-background-size:cover;-moz-background-size:cover;-o-background-size:cover;background-size:cover;\" ><div class=\"fusion-builder-row fusion-row fusion-flex-align-items-flex-start\" style=\"max-width:calc( 1100px + 0px );margin-left: calc(-0px \/ 2 );margin-right: calc(-0px \/ 2 );\"><div class=\"fusion-layout-column fusion_builder_column fusion-builder-column-3 fusion_builder_column_1_1 1_1 fusion-flex-column\"><div class=\"fusion-column-wrapper fusion-flex-justify-content-flex-start fusion-content-layout-column\" style=\"background-position:left top;background-repeat:no-repeat;-webkit-background-size:cover;-moz-background-size:cover;-o-background-size:cover;background-size:cover;padding: 0px 0px 0px 0px;\"><style type=\"text\/css\">@media only screen and (max-width:1280px) {.fusion-title.fusion-title-2{margin-top:30px!important; margin-right:0px!important;margin-bottom:31px!important;margin-left:0px!important;}}@media only screen and (max-width:1024px) {.fusion-title.fusion-title-2{margin-top:0px!important; margin-right:0px!important;margin-bottom:20px!important; margin-left:0px!important;}}<\/style><div class=\"fusion-title title fusion-title-2 fusion-title-center fusion-title-text fusion-title-size-two\" style=\"font-size:36px;margin-top:30px;margin-right:0px;margin-bottom:31px;margin-left:0px;\"><div class=\"title-sep-container title-sep-container-left\"><div class=\"title-sep sep-\" style=\"border-color:#eff3f9;\"><\/div><\/div><span class=\"awb-title-spacer\"><\/span><h2 class=\"title-heading-center\" style=\"margin:0;font-size:1em;color:#ffffff;\">Kontakt &amp; Terminvereinbarung<\/h2><span class=\"awb-title-spacer\"><\/span><div class=\"title-sep-container title-sep-container-right\"><div class=\"title-sep sep-\" style=\"border-color:#eff3f9;\"><\/div><\/div><\/div><div class=\"fusion-separator fusion-full-width-sep\" style=\"align-self: center;margin-left: auto;margin-right: auto;margin-top:15px;width:100%;\"><\/div><div style=\"text-align:center;\"><style type=\"text\/css\">.fusion-button.button-1 .fusion-button-text, .fusion-button.button-1 i {color:#ffffff;}.fusion-button.button-1 .fusion-button-icon-divider{border-color:#ffffff;}.fusion-button.button-1:hover .fusion-button-text, .fusion-button.button-1:hover i,.fusion-button.button-1:focus .fusion-button-text, .fusion-button.button-1:focus i,.fusion-button.button-1:active .fusion-button-text, .fusion-button.button-1:active{color:#e4e3c8;}.fusion-button.button-1:hover .fusion-button-icon-divider, .fusion-button.button-1:hover .fusion-button-icon-divider, .fusion-button.button-1:active .fusion-button-icon-divider{border-color:#e4e3c8;}.fusion-button.button-1:hover, .fusion-button.button-1:focus, .fusion-button.button-1:active{border-color:#6487c2;}.fusion-button.button-1 {border-color:#ffffff;border-radius:2px;}.fusion-button.button-1{background: #e4e3c8;}.fusion-button.button-1:hover,.button-1:focus,.fusion-button.button-1:active{background: #ffffff;}<\/style><a class=\"fusion-button button-flat fusion-button-default-size button-custom button-1 fusion-button-default-span fusion-button-default-type\" target=\"_self\" href=\"https:\/\/www.leitnerbrigitte.it\/20\/kontakt\"><i class=\"fa-plus fas button-icon-left\" aria-hidden=\"true\"><\/i><span class=\"fusion-button-text\">Infos<\/span><\/a><\/div><\/div><style type=\"text\/css\">.fusion-body .fusion-builder-column-3{width:100% !important;margin-top : 3%;margin-bottom : 3%;}.fusion-builder-column-3 > .fusion-column-wrapper {padding-top : 0px !important;padding-right : 0px !important;margin-right : 0px;padding-bottom : 0px !important;padding-left : 0px !important;margin-left : 0px;}@media only screen and (max-width:1280px) {.fusion-body .fusion-builder-column-3{width:100% !important;}.fusion-builder-column-3 > .fusion-column-wrapper {margin-right : 0px;margin-left : 0px;}}@media only screen and (max-width:1024px) {.fusion-body .fusion-builder-column-3{width:100% !important;}.fusion-builder-column-3 > .fusion-column-wrapper {margin-right : 0px;margin-left : 0px;}}<\/style><\/div><\/div><style type=\"text\/css\">.fusion-body .fusion-flex-container.fusion-builder-row-3{ padding-top : 50px;margin-top : 0px;padding-right : 0px;padding-bottom : 60px;margin-bottom : 0px;padding-left : 0px;}<\/style><\/div>\n<\/p>\n","protected":false},"excerpt":{"rendered":"","protected":false},"author":1,"featured_media":0,"parent":0,"menu_order":0,"comment_status":"closed","ping_status":"closed","template":"100-width.php","meta":{"_bbp_topic_count":0,"_bbp_reply_count":0,"_bbp_total_topic_count":0,"_bbp_total_reply_count":0,"_bbp_voice_count":0,"_bbp_anonymous_reply_count":0,"_bbp_topic_count_hidden":0,"_bbp_reply_count_hidden":0,"_bbp_forum_subforum_count":0,"content-type":""},"yoast_head":"<!-- This site is optimized with the Yoast SEO plugin v17.8 - https:\/\/yoast.com\/wordpress\/plugins\/seo\/ -->\n<title>Psychotherapie | Dr. Brigitte Leitner, Psychologin\u00a0und Psychotherapeutin<\/title>\n<meta name=\"description\" content=\"Es ist mir ein Anliegen, eine Atmosph\u00e4re der Wertsch\u00e4tzung und des Wohlbefindens zu schaffen, in der sich Klient*innen mit ihren Beschwerden, Belastungen und \u00c4ngsten ernstgenommen f\u00fchlen.\" \/>\n<meta name=\"robots\" content=\"index, follow, max-snippet:-1, max-image-preview:large, max-video-preview:-1\" \/>\n<link rel=\"canonical\" href=\"https:\/\/www.leitnerbrigitte.it\/20\/psychotherapie\/\" \/>\n<meta property=\"og:locale\" content=\"de_DE\" \/>\n<meta property=\"og:type\" content=\"article\" \/>\n<meta property=\"og:title\" content=\"Psychotherapie | Dr. Brigitte Leitner, Psychologin\u00a0und Psychotherapeutin\" \/>\n<meta property=\"og:description\" content=\"Es ist mir ein Anliegen, eine Atmosph\u00e4re der Wertsch\u00e4tzung und des Wohlbefindens zu schaffen, in der sich Klient*innen mit ihren Beschwerden, Belastungen und \u00c4ngsten ernstgenommen f\u00fchlen.\" \/>\n<meta property=\"og:url\" content=\"https:\/\/www.leitnerbrigitte.it\/20\/psychotherapie\/\" \/>\n<meta property=\"og:site_name\" content=\"LEITNER BRIGITTE\" \/>\n<meta property=\"article:modified_time\" content=\"2021-02-07T21:12:47+00:00\" \/>\n<meta name=\"twitter:card\" content=\"summary_large_image\" \/>\n<meta name=\"twitter:label1\" content=\"Gesch\u00e4tzte Lesezeit\" \/>\n\t<meta name=\"twitter:data1\" content=\"3\u00a0Minuten\" \/>\n<script type=\"application\/ld+json\" class=\"yoast-schema-graph\">{\"@context\":\"https:\/\/schema.org\",\"@graph\":[{\"@type\":\"WebSite\",\"@id\":\"https:\/\/www.leitnerbrigitte.it\/20\/#website\",\"url\":\"https:\/\/www.leitnerbrigitte.it\/20\/\",\"name\":\"LEITNER BRIGITTE\",\"description\":\"Psychologin und Psychotherapeutin\",\"potentialAction\":[{\"@type\":\"SearchAction\",\"target\":{\"@type\":\"EntryPoint\",\"urlTemplate\":\"https:\/\/www.leitnerbrigitte.it\/20\/?s={search_term_string}\"},\"query-input\":\"required name=search_term_string\"}],\"inLanguage\":\"de\"},{\"@type\":\"WebPage\",\"@id\":\"https:\/\/www.leitnerbrigitte.it\/20\/psychotherapie\/#webpage\",\"url\":\"https:\/\/www.leitnerbrigitte.it\/20\/psychotherapie\/\",\"name\":\"Psychotherapie | Dr. Brigitte Leitner, Psychologin\\u00a0und Psychotherapeutin\",\"isPartOf\":{\"@id\":\"https:\/\/www.leitnerbrigitte.it\/20\/#website\"},\"datePublished\":\"2020-09-29T08:55:14+00:00\",\"dateModified\":\"2021-02-07T21:12:47+00:00\",\"description\":\"Es ist mir ein Anliegen, eine Atmosph\\u00e4re der Wertsch\\u00e4tzung und des Wohlbefindens zu schaffen, in der sich Klient*innen mit ihren Beschwerden, Belastungen und \\u00c4ngsten ernstgenommen f\\u00fchlen.\",\"breadcrumb\":{\"@id\":\"https:\/\/www.leitnerbrigitte.it\/20\/psychotherapie\/#breadcrumb\"},\"inLanguage\":\"de\",\"potentialAction\":[{\"@type\":\"ReadAction\",\"target\":[\"https:\/\/www.leitnerbrigitte.it\/20\/psychotherapie\/\"]}]},{\"@type\":\"BreadcrumbList\",\"@id\":\"https:\/\/www.leitnerbrigitte.it\/20\/psychotherapie\/#breadcrumb\",\"itemListElement\":[{\"@type\":\"ListItem\",\"position\":1,\"name\":\"Startseite\",\"item\":\"https:\/\/www.leitnerbrigitte.it\/20\/\"},{\"@type\":\"ListItem\",\"position\":2,\"name\":\"Psychotherapie\"}]}]}<\/script>\n<!-- \/ Yoast SEO plugin. -->","yoast_head_json":{"title":"Psychotherapie | Dr. Brigitte Leitner, Psychologin\u00a0und Psychotherapeutin","description":"Es ist mir ein Anliegen, eine Atmosph\u00e4re der Wertsch\u00e4tzung und des Wohlbefindens zu schaffen, in der sich Klient*innen mit ihren Beschwerden, Belastungen und \u00c4ngsten ernstgenommen f\u00fchlen.","robots":{"index":"index","follow":"follow","max-snippet":"max-snippet:-1","max-image-preview":"max-image-preview:large","max-video-preview":"max-video-preview:-1"},"canonical":"https:\/\/www.leitnerbrigitte.it\/20\/psychotherapie\/","og_locale":"de_DE","og_type":"article","og_title":"Psychotherapie | Dr. Brigitte Leitner, Psychologin\u00a0und Psychotherapeutin","og_description":"Es ist mir ein Anliegen, eine Atmosph\u00e4re der Wertsch\u00e4tzung und des Wohlbefindens zu schaffen, in der sich Klient*innen mit ihren Beschwerden, Belastungen und \u00c4ngsten ernstgenommen f\u00fchlen.","og_url":"https:\/\/www.leitnerbrigitte.it\/20\/psychotherapie\/","og_site_name":"LEITNER BRIGITTE","article_modified_time":"2021-02-07T21:12:47+00:00","twitter_card":"summary_large_image","twitter_misc":{"Gesch\u00e4tzte Lesezeit":"3\u00a0Minuten"},"schema":{"@context":"https:\/\/schema.org","@graph":[{"@type":"WebSite","@id":"https:\/\/www.leitnerbrigitte.it\/20\/#website","url":"https:\/\/www.leitnerbrigitte.it\/20\/","name":"LEITNER BRIGITTE","description":"Psychologin und Psychotherapeutin","potentialAction":[{"@type":"SearchAction","target":{"@type":"EntryPoint","urlTemplate":"https:\/\/www.leitnerbrigitte.it\/20\/?s={search_term_string}"},"query-input":"required name=search_term_string"}],"inLanguage":"de"},{"@type":"WebPage","@id":"https:\/\/www.leitnerbrigitte.it\/20\/psychotherapie\/#webpage","url":"https:\/\/www.leitnerbrigitte.it\/20\/psychotherapie\/","name":"Psychotherapie | Dr. Brigitte Leitner, Psychologin\u00a0und Psychotherapeutin","isPartOf":{"@id":"https:\/\/www.leitnerbrigitte.it\/20\/#website"},"datePublished":"2020-09-29T08:55:14+00:00","dateModified":"2021-02-07T21:12:47+00:00","description":"Es ist mir ein Anliegen, eine Atmosph\u00e4re der Wertsch\u00e4tzung und des Wohlbefindens zu schaffen, in der sich Klient*innen mit ihren Beschwerden, Belastungen und \u00c4ngsten ernstgenommen f\u00fchlen.","breadcrumb":{"@id":"https:\/\/www.leitnerbrigitte.it\/20\/psychotherapie\/#breadcrumb"},"inLanguage":"de","potentialAction":[{"@type":"ReadAction","target":["https:\/\/www.leitnerbrigitte.it\/20\/psychotherapie\/"]}]},{"@type":"BreadcrumbList","@id":"https:\/\/www.leitnerbrigitte.it\/20\/psychotherapie\/#breadcrumb","itemListElement":[{"@type":"ListItem","position":1,"name":"Startseite","item":"https:\/\/www.leitnerbrigitte.it\/20\/"},{"@type":"ListItem","position":2,"name":"Psychotherapie"}]}]}},"_links":{"self":[{"href":"https:\/\/www.leitnerbrigitte.it\/20\/wp-json\/wp\/v2\/pages\/765"}],"collection":[{"href":"https:\/\/www.leitnerbrigitte.it\/20\/wp-json\/wp\/v2\/pages"}],"about":[{"href":"https:\/\/www.leitnerbrigitte.it\/20\/wp-json\/wp\/v2\/types\/page"}],"author":[{"embeddable":true,"href":"https:\/\/www.leitnerbrigitte.it\/20\/wp-json\/wp\/v2\/users\/1"}],"replies":[{"embeddable":true,"href":"https:\/\/www.leitnerbrigitte.it\/20\/wp-json\/wp\/v2\/comments?post=765"}],"version-history":[{"count":5,"href":"https:\/\/www.leitnerbrigitte.it\/20\/wp-json\/wp\/v2\/pages\/765\/revisions"}],"predecessor-version":[{"id":858,"href":"https:\/\/www.leitnerbrigitte.it\/20\/wp-json\/wp\/v2\/pages\/765\/revisions\/858"}],"wp:attachment":[{"href":"https:\/\/www.leitnerbrigitte.it\/20\/wp-json\/wp\/v2\/media?parent=765"}],"curies":[{"name":"wp","href":"https:\/\/api.w.org\/{rel}","templated":true}]}}