{"id":771,"date":"2020-09-29T10:56:39","date_gmt":"2020-09-29T08:56:39","guid":{"rendered":"https:\/\/www.leitnerbrigitte.it\/20\/?page_id=771"},"modified":"2021-02-07T22:09:43","modified_gmt":"2021-02-07T21:09:43","slug":"ablauf","status":"publish","type":"page","link":"https:\/\/www.leitnerbrigitte.it\/20\/ablauf\/","title":{"rendered":"Info &#038; Ablauf"},"content":{"rendered":"<p><div class=\"fusion-fullwidth fullwidth-box fusion-builder-row-1 fusion-flex-container nonhundred-percent-fullwidth non-hundred-percent-height-scrolling\" style=\"background-color: #ffffff;background-position: center center;background-repeat: no-repeat;border-width: 0px 0px 0px 0px;border-color:#eae9e9;border-style:solid;\" ><div class=\"fusion-builder-row fusion-row fusion-flex-align-items-stretch fusion-flex-justify-content-center\" style=\"max-width:1144px;margin-left: calc(-4% \/ 2 );margin-right: calc(-4% \/ 2 );\"><div class=\"fusion-layout-column fusion_builder_column fusion-builder-column-0 fusion_builder_column_2_3 2_3 fusion-flex-column fusion-flex-align-self-flex-start fusion-column-no-min-height\"><div class=\"fusion-column-wrapper fusion-flex-justify-content-flex-start fusion-content-layout-column\" style=\"background-position:left top;background-repeat:no-repeat;-webkit-background-size:cover;-moz-background-size:cover;-o-background-size:cover;background-size:cover;padding: 0px 0px 0px 0px;\"><div class=\"fusion-text fusion-text-1\"><p style=\"text-align: center; font-size: 22px; line-height: 32px; font-weight: 300;\">Info &amp; Ablauf<\/p>\n<\/div><div class=\"fusion-separator\" style=\"align-self: center;margin-left: auto;margin-right: auto;margin-top:30px;margin-bottom:30px;width:100%;max-width:100px;\"><div class=\"fusion-separator-border sep-single sep-solid\" style=\"border-color:#ffffff;border-top-width:2px;\"><\/div><\/div><div class=\"fusion-text fusion-text-2\"><p style=\"text-align: left; font-size: 22px; line-height: 32px; font-weight: 300;\"><span style=\"color: #a49671;\"><em>Erstgespr\u00e4ch<\/em><\/span><\/p>\n<div class=\"page\" title=\"Page 3\">\n<div class=\"section\">\n<div class=\"layoutArea\">\n<div class=\"column\">\n<p>Bei einem unverbindlichen Erstgespr\u00e4ch geht es in erster Linie um ein gegenseitiges Kennenlernen. F\u00fcr mich ist es wichtig einen ersten Eindruck von Ihrem Anliegen zu erhalten. Es werden Fragen zu den Rahmenbedingungen und zu meiner Arbeitsweise beantwortet. Am Ende<\/p>\n<\/div>\n<\/div>\n<\/div>\n<\/div>\n<div class=\"page\" title=\"Page 4\">\n<div class=\"section\">\n<div class=\"layoutArea\">\n<div class=\"column\">\n<p>des Erstgespr\u00e4ches werden wir gemeinsam entscheiden, ob eine Zusammenarbeit sinnvoll und gew\u00fcnscht ist. Entscheidend hierf\u00fcr ist, ob Sie sich bei mir wohl und verstanden f\u00fchlen.<\/p>\n<\/div>\n<\/div>\n<\/div>\n<\/div>\n<\/div><div class=\"fusion-text fusion-text-3\"><p style=\"text-align: left; font-size: 22px; line-height: 32px; font-weight: 300;\"><span style=\"color: #a49671;\"><em>Dauer und Frequenz<\/em><\/span><\/p>\n<div class=\"page\" title=\"Page 3\">\n<div class=\"section\">\n<div class=\"layoutArea\">\n<div class=\"column\">\n<div class=\"page\" title=\"Page 4\">\n<div class=\"section\">\n<div class=\"layoutArea\">\n<div class=\"column\">\n<p>Dauer und Intensit\u00e4t der Therapiesitzungen werden je nach Problemlage und Bed\u00fcrfnissen individuell gehalten und k\u00f6nnen daher nicht im Vorhinein festgelegt werden.<br \/>\n\u00dcblicherweise wird eine Therapiesitzung (a 50 Minuten) w\u00f6chentlich empfohlen. Auch andere Regelungen (z.B. vierzehnt\u00e4gig oder Doppelstunden) sind m\u00f6glich.<\/p>\n<\/div>\n<\/div>\n<\/div>\n<\/div>\n<\/div>\n<\/div>\n<\/div>\n<\/div>\n<\/div><div class=\"fusion-text fusion-text-4\"><p style=\"text-align: left; font-size: 22px; line-height: 32px; font-weight: 300;\"><span style=\"color: #a49671;\"><em>Therapieablauf<\/em><\/span><\/p>\n<div class=\"page\" title=\"Page 3\">\n<div class=\"section\">\n<div class=\"layoutArea\">\n<div class=\"column\">\n<div class=\"page\" title=\"Page 4\">\n<div class=\"section\">\n<div class=\"layoutArea\">\n<div class=\"column\">\n<div class=\"page\" title=\"Page 4\">\n<div class=\"section\">\n<div class=\"layoutArea\">\n<div class=\"column\">\n<p>Damit sich der Therapieablauf erfolgreich gestaltet, ist eine gute Zusammenarbeit und Ihre Mitarbeit erforderlich. Pers\u00f6nliche und erreichbare Ziele werden zun\u00e4chst gemeinsam formuliert, sowie ein Therapieplan erarbeitet. Praktische \u00dcbungen (wie z.B. Entspannungs\u00fcbungen, Selbstbeobachtung, Aktivit\u00e4ten- und Gedankenprotokolle etc.) zwischen den Sitzungen sind ein wichtiger Bestandteil der Therapie. Sie sind sehr hilfreich und steigern das Gef\u00fchl der Selbstwirksamkeit. Au\u00dferdem werden dabei Ressourcen aktiviert und die Motivation gest\u00e4rkt, das Leben selbst zu gestalten.<\/p>\n<p>Bei Notwendigkeit werden problematische Alltagssituationen gemeinsam aufgesucht. Ihre Bed\u00fcrfnisse, W\u00fcnsche und M\u00f6glichkeiten stehen bei allen Entscheidungen selbstverst\u00e4ndlich im Mittelpunkt. Es gilt der Grundsatz, dass nichts ohne Ihre Zustimmung geschieht.<\/p>\n<\/div>\n<\/div>\n<\/div>\n<\/div>\n<\/div>\n<\/div>\n<\/div>\n<\/div>\n<\/div>\n<\/div>\n<\/div>\n<\/div>\n<\/div><\/div><style type=\"text\/css\">.fusion-body .fusion-builder-column-0{width:66.666666666667% !important;margin-top : 2%;margin-bottom : 30px;}.fusion-builder-column-0 > .fusion-column-wrapper {padding-top : 0px !important;padding-right : 0px !important;margin-right : 2.88%;padding-bottom : 0px !important;padding-left : 0px !important;margin-left : 2.88%;}@media only screen and (max-width:1280px) {.fusion-body .fusion-builder-column-0{width:100% !important;}.fusion-builder-column-0 > .fusion-column-wrapper {margin-right : 1.92%;margin-left : 1.92%;}}@media only screen and (max-width:1024px) {.fusion-body .fusion-builder-column-0{width:100% !important;}.fusion-builder-column-0 > .fusion-column-wrapper {margin-right : 1.92%;margin-left : 1.92%;}}<\/style><\/div><\/div><style type=\"text\/css\">.fusion-body .fusion-flex-container.fusion-builder-row-1{ padding-top : 50px;margin-top : 0px;padding-right : 0px;padding-bottom : 10px;margin-bottom : 0px;padding-left : 0px;}<\/style><\/div><div class=\"fusion-fullwidth fullwidth-box fusion-builder-row-2 fusion-flex-container nonhundred-percent-fullwidth non-hundred-percent-height-scrolling\" style=\"background-color: rgba(255,255,255,0);background-position: center center;background-repeat: no-repeat;border-width: 0px 0px 0px 0px;border-color:#ffffff;border-style:solid;\" ><div class=\"fusion-builder-row fusion-row fusion-flex-align-items-flex-start\" style=\"max-width:1144px;margin-left: calc(-4% \/ 2 );margin-right: calc(-4% \/ 2 );\"><div class=\"fusion-layout-column fusion_builder_column fusion-builder-column-1 fusion_builder_column_1_2 1_2 fusion-flex-column\"><div class=\"fusion-column-wrapper fusion-flex-justify-content-flex-start fusion-content-layout-column\" style=\"background-position:left top;background-repeat:no-repeat;-webkit-background-size:cover;-moz-background-size:cover;-o-background-size:cover;background-size:cover;padding: 0px 0px 0px 0px;\"><div style=\"text-align:center;\"><span class=\" fusion-imageframe imageframe-dropshadow imageframe-1 hover-type-none\" style=\"-webkit-box-shadow: 3px 3px 7px rgba(164,150,113,0.3);box-shadow: 3px 3px 7px rgba(164,150,113,0.3);\"><img width=\"1200\" height=\"788\" src=\"https:\/\/www.leitnerbrigitte.it\/20\/wp-content\/uploads\/2020\/09\/DSC_3424.jpg\" class=\"img-responsive wp-image-745\" srcset=\"https:\/\/www.leitnerbrigitte.it\/20\/wp-content\/uploads\/2020\/09\/DSC_3424-200x131.jpg 200w, https:\/\/www.leitnerbrigitte.it\/20\/wp-content\/uploads\/2020\/09\/DSC_3424-400x263.jpg 400w, https:\/\/www.leitnerbrigitte.it\/20\/wp-content\/uploads\/2020\/09\/DSC_3424-600x394.jpg 600w, https:\/\/www.leitnerbrigitte.it\/20\/wp-content\/uploads\/2020\/09\/DSC_3424-800x525.jpg 800w, https:\/\/www.leitnerbrigitte.it\/20\/wp-content\/uploads\/2020\/09\/DSC_3424.jpg 1200w\" sizes=\"(max-width: 1280px) 100vw, (max-width: 1024px) 100vw, 600px\" \/><\/span><\/div><\/div><style type=\"text\/css\">.fusion-body .fusion-builder-column-1{width:50% !important;margin-top : 0px;margin-bottom : 20px;}.fusion-builder-column-1 > .fusion-column-wrapper {padding-top : 0px !important;padding-right : 0px !important;margin-right : 3.84%;padding-bottom : 0px !important;padding-left : 0px !important;margin-left : 3.84%;}@media only screen and (max-width:1280px) {.fusion-body .fusion-builder-column-1{width:100% !important;order : 0;}.fusion-builder-column-1 > .fusion-column-wrapper {margin-right : 1.92%;margin-left : 1.92%;}}@media only screen and (max-width:1024px) {.fusion-body .fusion-builder-column-1{width:100% !important;order : 0;}.fusion-builder-column-1 > .fusion-column-wrapper {margin-right : 1.92%;margin-left : 1.92%;}}<\/style><\/div><div class=\"fusion-layout-column fusion_builder_column fusion-builder-column-2 fusion_builder_column_1_2 1_2 fusion-flex-column\"><div class=\"fusion-column-wrapper fusion-flex-justify-content-flex-start fusion-content-layout-column\" style=\"background-position:left top;background-repeat:no-repeat;-webkit-background-size:cover;-moz-background-size:cover;-o-background-size:cover;background-size:cover;padding: 0px 0px 0px 0px;\"><div style=\"text-align:center;\"><span class=\" fusion-imageframe imageframe-dropshadow imageframe-2 hover-type-none\" style=\"-webkit-box-shadow: 3px 3px 7px rgba(164,150,113,0.3);box-shadow: 3px 3px 7px rgba(164,150,113,0.3);\"><img width=\"1200\" height=\"798\" src=\"https:\/\/www.leitnerbrigitte.it\/20\/wp-content\/uploads\/2020\/09\/DSC_3392.jpg\" class=\"img-responsive wp-image-740\" srcset=\"https:\/\/www.leitnerbrigitte.it\/20\/wp-content\/uploads\/2020\/09\/DSC_3392-200x133.jpg 200w, https:\/\/www.leitnerbrigitte.it\/20\/wp-content\/uploads\/2020\/09\/DSC_3392-400x266.jpg 400w, https:\/\/www.leitnerbrigitte.it\/20\/wp-content\/uploads\/2020\/09\/DSC_3392-600x399.jpg 600w, https:\/\/www.leitnerbrigitte.it\/20\/wp-content\/uploads\/2020\/09\/DSC_3392-800x532.jpg 800w, https:\/\/www.leitnerbrigitte.it\/20\/wp-content\/uploads\/2020\/09\/DSC_3392.jpg 1200w\" sizes=\"(max-width: 1280px) 100vw, (max-width: 1024px) 100vw, 600px\" \/><\/span><\/div><\/div><style type=\"text\/css\">.fusion-body .fusion-builder-column-2{width:50% !important;margin-top : 0px;margin-bottom : 20px;}.fusion-builder-column-2 > .fusion-column-wrapper {padding-top : 0px !important;padding-right : 0px !important;margin-right : 3.84%;padding-bottom : 0px !important;padding-left : 0px !important;margin-left : 3.84%;}@media only screen and (max-width:1280px) {.fusion-body .fusion-builder-column-2{width:100% !important;order : 0;}.fusion-builder-column-2 > .fusion-column-wrapper {margin-right : 1.92%;margin-left : 1.92%;}}@media only screen and (max-width:1024px) {.fusion-body .fusion-builder-column-2{width:100% !important;order : 0;}.fusion-builder-column-2 > .fusion-column-wrapper {margin-right : 1.92%;margin-left : 1.92%;}}<\/style><\/div><\/div><style type=\"text\/css\">.fusion-body .fusion-flex-container.fusion-builder-row-2{ padding-top : -20px;margin-top : -20px;padding-right : 0px;padding-bottom : 40px;margin-bottom : 40px;padding-left : 0px;}<\/style><\/div><div class=\"fusion-fullwidth fullwidth-box fusion-builder-row-3 fusion-flex-container nonhundred-percent-fullwidth non-hundred-percent-height-scrolling\" style=\"background-color: rgba(255,255,255,0);background-position: center center;background-repeat: no-repeat;border-width: 0px 0px 0px 0px;border-color:#eae9e9;border-style:solid;\" ><div class=\"fusion-builder-row fusion-row fusion-flex-align-items-flex-start\" style=\"max-width:1144px;margin-left: calc(-4% \/ 2 );margin-right: calc(-4% \/ 2 );\"><div class=\"fusion-layout-column fusion_builder_column fusion-builder-column-3 fusion_builder_column_1_1 1_1 fusion-flex-column\"><div class=\"fusion-column-wrapper fusion-flex-justify-content-flex-start fusion-content-layout-column\" style=\"background-position:left top;background-repeat:no-repeat;-webkit-background-size:cover;-moz-background-size:cover;-o-background-size:cover;background-size:cover;padding: 0px 0px 0px 0px;\"><\/div><style type=\"text\/css\">.fusion-body .fusion-builder-column-3{width:100% !important;margin-top : 0px;margin-bottom : 20px;}.fusion-builder-column-3 > .fusion-column-wrapper {padding-top : 0px !important;padding-right : 0px !important;margin-right : 1.92%;padding-bottom : 0px !important;padding-left : 0px !important;margin-left : 1.92%;}@media only screen and (max-width:1280px) {.fusion-body .fusion-builder-column-3{width:100% !important;order : 0;}.fusion-builder-column-3 > .fusion-column-wrapper {margin-right : 1.92%;margin-left : 1.92%;}}@media only screen and (max-width:1024px) {.fusion-body .fusion-builder-column-3{width:100% !important;order : 0;}.fusion-builder-column-3 > .fusion-column-wrapper {margin-right : 1.92%;margin-left : 1.92%;}}<\/style><\/div><\/div><style type=\"text\/css\">.fusion-body .fusion-flex-container.fusion-builder-row-3{ padding-top : 0px;margin-top : 0px;padding-right : 0px;padding-bottom : 0px;margin-bottom : 0px;padding-left : 0px;}<\/style><\/div><div class=\"fusion-bg-parallax\" data-bg-align=\"center center\" data-direction=\"right\" data-mute=\"false\" data-opacity=\"100\" data-velocity=\"-0.8\" data-mobile-enabled=\"false\" data-break_parents=\"0\" data-bg-image=\"https:\/\/www.leitnerbrigitte.it\/20\/wp-content\/uploads\/2020\/09\/praxis3.jpg\" data-bg-repeat=\"false\" ><\/div><div class=\"fusion-fullwidth fullwidth-box fusion-builder-row-4 fusion-flex-container fusion-parallax-right nonhundred-percent-fullwidth non-hundred-percent-height-scrolling\" style=\"background-color: rgba(255,255,255,0);background-image: url(&quot;https:\/\/www.leitnerbrigitte.it\/20\/wp-content\/uploads\/2020\/09\/praxis3.jpg&quot;);background-position: center center;background-repeat: no-repeat;border-width: 0px 0px 0px 0px;border-color:#eae9e9;border-style:solid;-webkit-background-size:cover;-moz-background-size:cover;-o-background-size:cover;background-size:cover;\" ><div class=\"fusion-builder-row fusion-row fusion-flex-align-items-flex-start\" style=\"max-width:calc( 1100px + 0px );margin-left: calc(-0px \/ 2 );margin-right: calc(-0px \/ 2 );\"><div class=\"fusion-layout-column fusion_builder_column fusion-builder-column-4 fusion_builder_column_1_1 1_1 fusion-flex-column\"><div class=\"fusion-column-wrapper fusion-flex-justify-content-flex-start fusion-content-layout-column\" style=\"background-position:left top;background-repeat:no-repeat;-webkit-background-size:cover;-moz-background-size:cover;-o-background-size:cover;background-size:cover;padding: 0px 0px 0px 0px;\"><style type=\"text\/css\">@media only screen and (max-width:1280px) {.fusion-title.fusion-title-1{margin-top:30px!important; margin-right:0px!important;margin-bottom:31px!important;margin-left:0px!important;}}@media only screen and (max-width:1024px) {.fusion-title.fusion-title-1{margin-top:0px!important; margin-right:0px!important;margin-bottom:20px!important; margin-left:0px!important;}}<\/style><div class=\"fusion-title title fusion-title-1 fusion-title-center fusion-title-text fusion-title-size-two\" style=\"font-size:36px;margin-top:30px;margin-right:0px;margin-bottom:31px;margin-left:0px;\"><div class=\"title-sep-container title-sep-container-left\"><div class=\"title-sep sep-\" style=\"border-color:#eff3f9;\"><\/div><\/div><span class=\"awb-title-spacer\"><\/span><h2 class=\"title-heading-center\" style=\"margin:0;font-size:1em;color:#ffffff;\">Kontakt &amp; Terminvereinbarung<\/h2><span class=\"awb-title-spacer\"><\/span><div class=\"title-sep-container title-sep-container-right\"><div class=\"title-sep sep-\" style=\"border-color:#eff3f9;\"><\/div><\/div><\/div><div class=\"fusion-separator fusion-full-width-sep\" style=\"align-self: center;margin-left: auto;margin-right: auto;margin-top:15px;width:100%;\"><\/div><div style=\"text-align:center;\"><style type=\"text\/css\">.fusion-button.button-1 .fusion-button-text, .fusion-button.button-1 i {color:#ffffff;}.fusion-button.button-1 .fusion-button-icon-divider{border-color:#ffffff;}.fusion-button.button-1:hover .fusion-button-text, .fusion-button.button-1:hover i,.fusion-button.button-1:focus .fusion-button-text, .fusion-button.button-1:focus i,.fusion-button.button-1:active .fusion-button-text, .fusion-button.button-1:active{color:#e4e3c8;}.fusion-button.button-1:hover .fusion-button-icon-divider, .fusion-button.button-1:hover .fusion-button-icon-divider, .fusion-button.button-1:active .fusion-button-icon-divider{border-color:#e4e3c8;}.fusion-button.button-1:hover, .fusion-button.button-1:focus, .fusion-button.button-1:active{border-color:#6487c2;}.fusion-button.button-1 {border-color:#ffffff;border-radius:2px;}.fusion-button.button-1{background: #e4e3c8;}.fusion-button.button-1:hover,.button-1:focus,.fusion-button.button-1:active{background: #ffffff;}<\/style><a class=\"fusion-button button-flat fusion-button-default-size button-custom button-1 fusion-button-default-span fusion-button-default-type\" target=\"_self\" href=\"https:\/\/www.leitnerbrigitte.it\/20\/kontakt\"><i class=\"fa-plus fas button-icon-left\" aria-hidden=\"true\"><\/i><span class=\"fusion-button-text\">Infos<\/span><\/a><\/div><\/div><style type=\"text\/css\">.fusion-body .fusion-builder-column-4{width:100% !important;margin-top : 3%;margin-bottom : 3%;}.fusion-builder-column-4 > .fusion-column-wrapper {padding-top : 0px !important;padding-right : 0px !important;margin-right : 0px;padding-bottom : 0px !important;padding-left : 0px !important;margin-left : 0px;}@media only screen and (max-width:1280px) {.fusion-body .fusion-builder-column-4{width:100% !important;}.fusion-builder-column-4 > .fusion-column-wrapper {margin-right : 0px;margin-left : 0px;}}@media only screen and (max-width:1024px) {.fusion-body .fusion-builder-column-4{width:100% !important;}.fusion-builder-column-4 > .fusion-column-wrapper {margin-right : 0px;margin-left : 0px;}}<\/style><\/div><\/div><style type=\"text\/css\">.fusion-body .fusion-flex-container.fusion-builder-row-4{ padding-top : 50px;margin-top : 0px;padding-right : 0px;padding-bottom : 60px;margin-bottom : 0px;padding-left : 0px;}<\/style><\/div>\n<\/p>\n","protected":false},"excerpt":{"rendered":"","protected":false},"author":1,"featured_media":0,"parent":0,"menu_order":0,"comment_status":"closed","ping_status":"closed","template":"100-width.php","meta":{"_bbp_topic_count":0,"_bbp_reply_count":0,"_bbp_total_topic_count":0,"_bbp_total_reply_count":0,"_bbp_voice_count":0,"_bbp_anonymous_reply_count":0,"_bbp_topic_count_hidden":0,"_bbp_reply_count_hidden":0,"_bbp_forum_subforum_count":0,"content-type":""},"yoast_head":"<!-- This site is optimized with the Yoast SEO plugin v17.8 - https:\/\/yoast.com\/wordpress\/plugins\/seo\/ -->\n<title>Info &amp; Ablauf | Dr. Brigitte Leitner, Psychologin\u00a0und Psychotherapeutin<\/title>\n<meta name=\"description\" content=\"Bei einem unverbindlichen Erstgespr\u00e4ch geht es in erster Linie um ein gegenseitiges Kennenlernen. F\u00fcr mich ist es wichtig einen ersten Eindruck von Ihrem Anliegen zu erhalten.\" \/>\n<meta name=\"robots\" content=\"index, follow, max-snippet:-1, max-image-preview:large, max-video-preview:-1\" \/>\n<link rel=\"canonical\" href=\"https:\/\/www.leitnerbrigitte.it\/20\/ablauf\/\" \/>\n<meta property=\"og:locale\" content=\"de_DE\" \/>\n<meta property=\"og:type\" content=\"article\" \/>\n<meta property=\"og:title\" content=\"Info &amp; Ablauf | Dr. Brigitte Leitner, Psychologin\u00a0und Psychotherapeutin\" \/>\n<meta property=\"og:description\" content=\"Bei einem unverbindlichen Erstgespr\u00e4ch geht es in erster Linie um ein gegenseitiges Kennenlernen. F\u00fcr mich ist es wichtig einen ersten Eindruck von Ihrem Anliegen zu erhalten.\" \/>\n<meta property=\"og:url\" content=\"https:\/\/www.leitnerbrigitte.it\/20\/ablauf\/\" \/>\n<meta property=\"og:site_name\" content=\"LEITNER BRIGITTE\" \/>\n<meta property=\"article:modified_time\" content=\"2021-02-07T21:09:43+00:00\" \/>\n<meta name=\"twitter:card\" content=\"summary_large_image\" \/>\n<meta name=\"twitter:label1\" content=\"Gesch\u00e4tzte Lesezeit\" \/>\n\t<meta name=\"twitter:data1\" content=\"12\u00a0Minuten\" \/>\n<script type=\"application\/ld+json\" class=\"yoast-schema-graph\">{\"@context\":\"https:\/\/schema.org\",\"@graph\":[{\"@type\":\"WebSite\",\"@id\":\"https:\/\/www.leitnerbrigitte.it\/20\/#website\",\"url\":\"https:\/\/www.leitnerbrigitte.it\/20\/\",\"name\":\"LEITNER BRIGITTE\",\"description\":\"Psychologin und Psychotherapeutin\",\"potentialAction\":[{\"@type\":\"SearchAction\",\"target\":{\"@type\":\"EntryPoint\",\"urlTemplate\":\"https:\/\/www.leitnerbrigitte.it\/20\/?s={search_term_string}\"},\"query-input\":\"required name=search_term_string\"}],\"inLanguage\":\"de\"},{\"@type\":\"WebPage\",\"@id\":\"https:\/\/www.leitnerbrigitte.it\/20\/ablauf\/#webpage\",\"url\":\"https:\/\/www.leitnerbrigitte.it\/20\/ablauf\/\",\"name\":\"Info & Ablauf | Dr. Brigitte Leitner, Psychologin\\u00a0und Psychotherapeutin\",\"isPartOf\":{\"@id\":\"https:\/\/www.leitnerbrigitte.it\/20\/#website\"},\"datePublished\":\"2020-09-29T08:56:39+00:00\",\"dateModified\":\"2021-02-07T21:09:43+00:00\",\"description\":\"Bei einem unverbindlichen Erstgespr\\u00e4ch geht es in erster Linie um ein gegenseitiges Kennenlernen. F\\u00fcr mich ist es wichtig einen ersten Eindruck von Ihrem Anliegen zu erhalten.\",\"breadcrumb\":{\"@id\":\"https:\/\/www.leitnerbrigitte.it\/20\/ablauf\/#breadcrumb\"},\"inLanguage\":\"de\",\"potentialAction\":[{\"@type\":\"ReadAction\",\"target\":[\"https:\/\/www.leitnerbrigitte.it\/20\/ablauf\/\"]}]},{\"@type\":\"BreadcrumbList\",\"@id\":\"https:\/\/www.leitnerbrigitte.it\/20\/ablauf\/#breadcrumb\",\"itemListElement\":[{\"@type\":\"ListItem\",\"position\":1,\"name\":\"Startseite\",\"item\":\"https:\/\/www.leitnerbrigitte.it\/20\/\"},{\"@type\":\"ListItem\",\"position\":2,\"name\":\"Info &#038; Ablauf\"}]}]}<\/script>\n<!-- \/ Yoast SEO plugin. -->","yoast_head_json":{"title":"Info & Ablauf | Dr. Brigitte Leitner, Psychologin\u00a0und Psychotherapeutin","description":"Bei einem unverbindlichen Erstgespr\u00e4ch geht es in erster Linie um ein gegenseitiges Kennenlernen. F\u00fcr mich ist es wichtig einen ersten Eindruck von Ihrem Anliegen zu erhalten.","robots":{"index":"index","follow":"follow","max-snippet":"max-snippet:-1","max-image-preview":"max-image-preview:large","max-video-preview":"max-video-preview:-1"},"canonical":"https:\/\/www.leitnerbrigitte.it\/20\/ablauf\/","og_locale":"de_DE","og_type":"article","og_title":"Info & Ablauf | Dr. Brigitte Leitner, Psychologin\u00a0und Psychotherapeutin","og_description":"Bei einem unverbindlichen Erstgespr\u00e4ch geht es in erster Linie um ein gegenseitiges Kennenlernen. F\u00fcr mich ist es wichtig einen ersten Eindruck von Ihrem Anliegen zu erhalten.","og_url":"https:\/\/www.leitnerbrigitte.it\/20\/ablauf\/","og_site_name":"LEITNER BRIGITTE","article_modified_time":"2021-02-07T21:09:43+00:00","twitter_card":"summary_large_image","twitter_misc":{"Gesch\u00e4tzte Lesezeit":"12\u00a0Minuten"},"schema":{"@context":"https:\/\/schema.org","@graph":[{"@type":"WebSite","@id":"https:\/\/www.leitnerbrigitte.it\/20\/#website","url":"https:\/\/www.leitnerbrigitte.it\/20\/","name":"LEITNER BRIGITTE","description":"Psychologin und Psychotherapeutin","potentialAction":[{"@type":"SearchAction","target":{"@type":"EntryPoint","urlTemplate":"https:\/\/www.leitnerbrigitte.it\/20\/?s={search_term_string}"},"query-input":"required name=search_term_string"}],"inLanguage":"de"},{"@type":"WebPage","@id":"https:\/\/www.leitnerbrigitte.it\/20\/ablauf\/#webpage","url":"https:\/\/www.leitnerbrigitte.it\/20\/ablauf\/","name":"Info & Ablauf | Dr. Brigitte Leitner, Psychologin\u00a0und Psychotherapeutin","isPartOf":{"@id":"https:\/\/www.leitnerbrigitte.it\/20\/#website"},"datePublished":"2020-09-29T08:56:39+00:00","dateModified":"2021-02-07T21:09:43+00:00","description":"Bei einem unverbindlichen Erstgespr\u00e4ch geht es in erster Linie um ein gegenseitiges Kennenlernen. F\u00fcr mich ist es wichtig einen ersten Eindruck von Ihrem Anliegen zu erhalten.","breadcrumb":{"@id":"https:\/\/www.leitnerbrigitte.it\/20\/ablauf\/#breadcrumb"},"inLanguage":"de","potentialAction":[{"@type":"ReadAction","target":["https:\/\/www.leitnerbrigitte.it\/20\/ablauf\/"]}]},{"@type":"BreadcrumbList","@id":"https:\/\/www.leitnerbrigitte.it\/20\/ablauf\/#breadcrumb","itemListElement":[{"@type":"ListItem","position":1,"name":"Startseite","item":"https:\/\/www.leitnerbrigitte.it\/20\/"},{"@type":"ListItem","position":2,"name":"Info &#038; Ablauf"}]}]}},"_links":{"self":[{"href":"https:\/\/www.leitnerbrigitte.it\/20\/wp-json\/wp\/v2\/pages\/771"}],"collection":[{"href":"https:\/\/www.leitnerbrigitte.it\/20\/wp-json\/wp\/v2\/pages"}],"about":[{"href":"https:\/\/www.leitnerbrigitte.it\/20\/wp-json\/wp\/v2\/types\/page"}],"author":[{"embeddable":true,"href":"https:\/\/www.leitnerbrigitte.it\/20\/wp-json\/wp\/v2\/users\/1"}],"replies":[{"embeddable":true,"href":"https:\/\/www.leitnerbrigitte.it\/20\/wp-json\/wp\/v2\/comments?post=771"}],"version-history":[{"count":6,"href":"https:\/\/www.leitnerbrigitte.it\/20\/wp-json\/wp\/v2\/pages\/771\/revisions"}],"predecessor-version":[{"id":868,"href":"https:\/\/www.leitnerbrigitte.it\/20\/wp-json\/wp\/v2\/pages\/771\/revisions\/868"}],"wp:attachment":[{"href":"https:\/\/www.leitnerbrigitte.it\/20\/wp-json\/wp\/v2\/media?parent=771"}],"curies":[{"name":"wp","href":"https:\/\/api.w.org\/{rel}","templated":true}]}}