{"id":773,"date":"2020-09-29T10:57:11","date_gmt":"2020-09-29T08:57:11","guid":{"rendered":"https:\/\/www.leitnerbrigitte.it\/20\/?page_id=773"},"modified":"2021-05-13T16:15:16","modified_gmt":"2021-05-13T14:15:16","slug":"kontakt","status":"publish","type":"page","link":"https:\/\/www.leitnerbrigitte.it\/20\/kontakt\/","title":{"rendered":"Kontakt &#038; Terminvereinbarung"},"content":{"rendered":"<p><div class=\"fusion-fullwidth fullwidth-box fusion-builder-row-1 fusion-flex-container nonhundred-percent-fullwidth non-hundred-percent-height-scrolling\" style=\"background-color: #f7f7f7;background-position: center center;background-repeat: no-repeat;border-width: 0px 0px 0px 0px;border-color:#eae9e9;border-style:solid;\" ><div class=\"fusion-builder-row fusion-row fusion-flex-align-items-flex-start\" style=\"max-width:calc( 1100px + 0px );margin-left: calc(-0px \/ 2 );margin-right: calc(-0px \/ 2 );\"><div class=\"fusion-layout-column fusion_builder_column fusion-builder-column-0 fusion_builder_column_1_1 1_1 fusion-flex-column\"><div class=\"fusion-column-wrapper fusion-flex-justify-content-flex-start fusion-content-layout-column\" style=\"background-position:left top;background-repeat:no-repeat;-webkit-background-size:cover;-moz-background-size:cover;-o-background-size:cover;background-size:cover;padding: 0px 0px 0px 0px;\"><div class=\"fusion-text fusion-text-1\"><h3>Terminvereinbarung<\/h3>\n<\/div><div class=\"fusion-separator\" style=\"align-self: flex-start;margin-right:auto;margin-bottom:35px;width:100%;max-width:100px;\"><div class=\"fusion-separator-border sep-single sep-solid\" style=\"border-color:#e4e3c8;border-top-width:2px;\"><\/div><\/div><div class=\"fusion-text fusion-text-2\"><p style=\"font-size: 22px; line-height: 32px; font-weight: 300;\">Bei <strong>Interesse<\/strong> an einem <strong>Erstgespr\u00e4ch<\/strong> kontaktieren Sie mich bitte telefonisch, mittels SMS (349\/1388139), per E-mail (<a href=\"mailto:leitner.brigitte@mailbox.org\">leitner.brigitte@mailbox.org<\/a>) oder \u00fcber das Kontaktformular.<\/p>\n<p style=\"font-size: 22px; line-height: 32px; font-weight: 300;\"><strong>Termine<\/strong> sind grunds\u00e4tzlich nach pers\u00f6nlicher Vereinbarung m\u00f6glich. Sollte es f\u00fcr Sie schwierig sein, Termine unter der Woche wahrzunehmen, biete ich auch Samstags Termine an.<\/p>\n<\/div><div class=\"fusion-separator fusion-full-width-sep\" style=\"align-self: center;margin-left: auto;margin-right: auto;margin-top:30px;width:100%;\"><\/div><\/div><style type=\"text\/css\">.fusion-body .fusion-builder-column-0{width:100% !important;margin-top : 2%;margin-bottom : 2%;}.fusion-builder-column-0 > .fusion-column-wrapper {padding-top : 0px !important;padding-right : 0px !important;margin-right : calc( 0.03 * calc( 100% - 0px ) );padding-bottom : 0px !important;padding-left : 0px !important;margin-left : 0px;}@media only screen and (max-width:1280px) {.fusion-body .fusion-builder-column-0{width:100% !important;}.fusion-builder-column-0 > .fusion-column-wrapper {margin-right : 0px;margin-left : 0px;}}@media only screen and (max-width:1024px) {.fusion-body .fusion-builder-column-0{width:100% !important;}.fusion-builder-column-0 > .fusion-column-wrapper {margin-right : 0px;margin-left : 0px;}}<\/style><\/div><div class=\"fusion-layout-column fusion_builder_column fusion-builder-column-1 fusion_builder_column_1_1 1_1 fusion-flex-column fusion-flex-align-self-flex-start fusion-column-no-min-height\"><div class=\"fusion-column-wrapper fusion-flex-justify-content-flex-start fusion-content-layout-column\" style=\"background-position:left top;background-repeat:no-repeat;-webkit-background-size:cover;-moz-background-size:cover;-o-background-size:cover;background-size:cover;padding: 0px 0px 0px 0px;\"><div class=\"fusion-text fusion-text-3\"><h3>Kontakt<\/h3>\n<\/div><div class=\"fusion-separator\" style=\"align-self: flex-start;margin-right:auto;margin-bottom:35px;width:100%;max-width:100px;\"><div class=\"fusion-separator-border sep-single sep-solid\" style=\"border-color:#e4e3c8;border-top-width:2px;\"><\/div><\/div><ul class=\"fusion-checklist fusion-checklist-1\" style=\"font-size:16px;line-height:27.2px;\"><li class=\"fusion-li-item\"><span style=\"height:27.2px;width:27.2px;margin-right:11.2px;\" class=\"icon-wrapper circle-no\"><i class=\"fusion-li-icon fa-home fas\" style=\"color:#88929d;\" aria-hidden=\"true\"><\/i><\/span><div class=\"fusion-li-item-content\" style=\"margin-left:38.4px;\">\n<p>Wei\u00dflahnstra\u00dfe 1,<br \/>\n39042 Brixen<\/p>\n<\/div><\/li><li class=\"fusion-li-item\"><span style=\"height:27.2px;width:27.2px;margin-right:11.2px;\" class=\"icon-wrapper circle-no\"><i class=\"fusion-li-icon fa-phone fas\" style=\"color:#88929d;\" aria-hidden=\"true\"><\/i><\/span><div class=\"fusion-li-item-content\" style=\"margin-left:38.4px;\">Tel. 349\/1388139<\/div><\/li><li class=\"fusion-li-item\"><span style=\"height:27.2px;width:27.2px;margin-right:11.2px;\" class=\"icon-wrapper circle-no\"><i class=\"fusion-li-icon fa-envelope far\" style=\"color:#88929d;\" aria-hidden=\"true\"><\/i><\/span><div class=\"fusion-li-item-content\" style=\"margin-left:38.4px;\"><a href=\"mailto:leitner.brigitte@mailbox.org\">leitner.brigitte@mailbox.org<\/a><\/div><\/li><li class=\"fusion-li-item\"><span style=\"height:27.2px;width:27.2px;margin-right:11.2px;\" class=\"icon-wrapper circle-no\"><i class=\"fusion-li-icon fa-link fas\" style=\"color:#88929d;\" aria-hidden=\"true\"><\/i><\/span><div class=\"fusion-li-item-content\" style=\"margin-left:38.4px;\"><a href=\"https:\/\/www.leitnerbrigitte.it\" target=\"_blank\" rel=\"noopener noreferrer\">www.leitnerbrigitte.it<\/a><\/div><\/li><\/ul><div class=\"fusion-separator fusion-full-width-sep\" style=\"align-self: center;margin-left: auto;margin-right: auto;margin-top:30px;width:100%;\"><\/div><div role=\"form\" class=\"wpcf7\" id=\"wpcf7-f126-o1\" lang=\"en-US\" dir=\"ltr\">\n<div class=\"screen-reader-response\"><p role=\"status\" aria-live=\"polite\" aria-atomic=\"true\"><\/p> <ul><\/ul><\/div>\n<form action=\"\/20\/wp-json\/wp\/v2\/pages\/773#wpcf7-f126-o1\" method=\"post\" class=\"wpcf7-form init\" novalidate=\"novalidate\" data-status=\"init\">\n<div style=\"display: none;\">\n<input type=\"hidden\" name=\"_wpcf7\" value=\"126\" \/>\n<input type=\"hidden\" name=\"_wpcf7_version\" value=\"5.5.3\" \/>\n<input type=\"hidden\" name=\"_wpcf7_locale\" value=\"en_US\" \/>\n<input type=\"hidden\" name=\"_wpcf7_unit_tag\" value=\"wpcf7-f126-o1\" \/>\n<input type=\"hidden\" name=\"_wpcf7_container_post\" value=\"0\" \/>\n<input type=\"hidden\" name=\"_wpcf7_posted_data_hash\" value=\"\" \/>\n<input type=\"hidden\" name=\"_wpcf7_recaptcha_response\" value=\"\" \/>\n<\/div>\n<p><label><span class=\"wpcf7-form-control-wrap your-name\"><input type=\"text\" name=\"your-name\" value=\"\" size=\"40\" class=\"wpcf7-form-control wpcf7-text wpcf7-validates-as-required\" aria-required=\"true\" aria-invalid=\"false\" placeholder=\"Name\" \/><\/span> <\/label><\/p>\n<p><label><span class=\"wpcf7-form-control-wrap your-email\"><input type=\"email\" name=\"your-email\" value=\"\" size=\"40\" class=\"wpcf7-form-control wpcf7-text wpcf7-email wpcf7-validates-as-required wpcf7-validates-as-email\" aria-required=\"true\" aria-invalid=\"false\" placeholder=\"E-Mail\" \/><\/span> <\/label><\/p>\n<p><label><span class=\"wpcf7-form-control-wrap your-message\"><textarea name=\"your-message\" cols=\"40\" rows=\"10\" class=\"wpcf7-form-control wpcf7-textarea\" aria-invalid=\"false\" placeholder=\"Wie kann ich helfen?\"><\/textarea><\/span> <\/label><\/p>\n<p><span class=\"wpcf7-form-control-wrap acceptance-234\"><span class=\"wpcf7-form-control wpcf7-acceptance\"><span class=\"wpcf7-list-item\"><input type=\"checkbox\" name=\"acceptance-234\" value=\"1\" aria-invalid=\"false\" class=\"zu\" id=\"zu\" \/><\/span><\/span><\/span> Ich habe die <b><a href=\"https:\/\/www.leitnerbrigitte.it\/20\/privacy\">Datenschutzbestimmungen<\/a><\/b> gelesen und bin mit der Verarbeitung meiner pers\u00f6nlichen Daten einverstanden.<\/p>\n<p><input type=\"submit\" value=\"Senden\" class=\"wpcf7-form-control has-spinner wpcf7-submit\" \/><\/p>\n<div class=\"fusion-alert alert custom alert-custom fusion-alert-center wpcf7-response-output fusion-alert-capitalize alert-dismissable\" style=\"border-width:1px;\"><button type=\"button\" class=\"close toggle-alert\" data-dismiss=\"alert\" aria-label=\"Close\">&times;<\/button><div class=\"fusion-alert-content-wrapper\"><span class=\"fusion-alert-content\"><\/span><\/div><\/div><\/form><\/div><div class=\"fusion-separator fusion-full-width-sep\" style=\"align-self: center;margin-left: auto;margin-right: auto;margin-top:30px;width:100%;\"><\/div><div class=\"fusion-builder-row fusion-builder-row-inner fusion-row fusion-flex-align-items-flex-start\" style=\"width:calc( 100% + 0px ) !important;max-width:calc( 100% + 0px ) !important;margin-left: calc(-0px \/ 2 );margin-right: calc(-0px \/ 2 );\"><div class=\"fusion-layout-column fusion_builder_column_inner fusion-builder-nested-column-0 fusion_builder_column_inner_1_1 1_1 fusion-flex-column\"><div class=\"fusion-column-wrapper fusion-flex-justify-content-center fusion-content-layout-column\" style=\"background-position:left top;background-repeat:no-repeat;-webkit-background-size:cover;-moz-background-size:cover;-o-background-size:cover;background-size:cover;background-color:#a49671;padding: 25px 20px 32px 20px;\"><div class=\"fusion-text fusion-text-4\"><span class=\" fusion-imageframe imageframe-none imageframe-1 hover-type-none\" style=\"margin-right:25px;float:left;\"><\/span>\n<p style=\"font-size: 22px; color: #fff; margin-bottom: 10px;\">Direkter Kontakt<\/p>\n<h2 style=\"color: #fff; margin: 0; font-size: 42px; line-height: 42px;\">349\/1388139<\/h2>\n<\/div><\/div><style type=\"text\/css\">.fusion-body .fusion-builder-nested-column-0{width:100% !important;margin-top : 0px;margin-bottom : 0px;}.fusion-builder-nested-column-0 > .fusion-column-wrapper {padding-top : 25px !important;padding-right : 20px !important;margin-right : 0px;padding-bottom : 32px !important;padding-left : 20px !important;margin-left : 0px;}@media only screen and (max-width:1280px) {.fusion-body .fusion-builder-nested-column-0{width:100% !important;order : 0;}.fusion-builder-nested-column-0 > .fusion-column-wrapper {margin-right : 0px;margin-left : 0px;}}@media only screen and (max-width:1024px) {.fusion-body .fusion-builder-nested-column-0{width:100% !important;order : 0;}.fusion-builder-nested-column-0 > .fusion-column-wrapper {margin-right : 0px;margin-left : 0px;}}<\/style><\/div><\/div><div class=\"fusion-separator fusion-full-width-sep\" style=\"align-self: center;margin-left: auto;margin-right: auto;margin-top:30px;width:100%;\"><\/div><div class=\"fusion-text fusion-text-5\"><p style=\"font-size: 22px; line-height: 32px; font-weight: 300;\">Falls ich Ihren <strong>Anruf<\/strong> gerade nicht entgegen nehmen kann, werde ich Sie baldm\u00f6glichst zur\u00fcckrufen.<\/p>\n<\/div><div class=\"fusion-separator fusion-full-width-sep\" style=\"align-self: center;margin-left: auto;margin-right: auto;margin-top:30px;width:100%;\"><\/div><div class=\"fusion-text fusion-text-6\"><p style=\"font-size: 22px; line-height: 32px; font-weight: 300;\"><strong>Wie Sie mich erreichen:<\/strong> Anfahrtsweg, Bushaltestelle, GoogleMaps etc.<\/p>\n<\/div><iframe src=\"https:\/\/www.google.com\/maps\/embed?pb=!1m18!1m12!1m3!1d4455.605043785538!2d11.651441115599908!3d46.71884437913573!2m3!1f0!2f0!3f0!3m2!1i1024!2i768!4f13.1!3m3!1m2!1s0x47780513735860ab%3A0x9c8c31100a292e69!2zV2Vpw59sYWhuc3RyYcOfZSwgMSwgMzkwNDIgQnJpeGVuLCBTw7xkdGlyb2w!5e1!3m2!1sde!2sit!4v1601500810627!5m2!1sde!2sit\" width=\"100%\" height=\"250\" frameborder=\"0\" style=\"border:0;\" allowfullscreen=\"\" aria-hidden=\"false\" tabindex=\"0\"><\/iframe><div style=\"text-align:center;\"><span class=\" fusion-imageframe imageframe-dropshadow imageframe-2 hover-type-none\" style=\"-webkit-box-shadow: 3px 3px 7px rgba(164,150,113,0.3);box-shadow: 3px 3px 7px rgba(164,150,113,0.3);\"><img width=\"1200\" height=\"1804\" src=\"https:\/\/www.leitnerbrigitte.it\/20\/wp-content\/uploads\/2020\/09\/praxis-geb.jpg\" class=\"img-responsive wp-image-701\" srcset=\"https:\/\/www.leitnerbrigitte.it\/20\/wp-content\/uploads\/2020\/09\/praxis-geb-200x301.jpg 200w, https:\/\/www.leitnerbrigitte.it\/20\/wp-content\/uploads\/2020\/09\/praxis-geb-400x601.jpg 400w, https:\/\/www.leitnerbrigitte.it\/20\/wp-content\/uploads\/2020\/09\/praxis-geb-600x902.jpg 600w, https:\/\/www.leitnerbrigitte.it\/20\/wp-content\/uploads\/2020\/09\/praxis-geb-800x1203.jpg 800w, https:\/\/www.leitnerbrigitte.it\/20\/wp-content\/uploads\/2020\/09\/praxis-geb.jpg 1200w\" sizes=\"(max-width: 1280px) 100vw, (max-width: 1024px) 100vw, 1200px\" \/><\/span><\/div><\/div><style type=\"text\/css\">.fusion-body .fusion-builder-column-1{width:100% !important;margin-top : 2%;margin-bottom : 2%;}.fusion-builder-column-1 > .fusion-column-wrapper {padding-top : 0px !important;padding-right : 0px !important;margin-right : 0px;padding-bottom : 0px !important;padding-left : 0px !important;margin-left : calc( 0.03 * calc( 100% - 0px ) );}@media only screen and (max-width:1280px) {.fusion-body .fusion-builder-column-1{width:100% !important;}.fusion-builder-column-1 > .fusion-column-wrapper {margin-right : 0px;margin-left : 0px;}}@media only screen and (max-width:1024px) {.fusion-body .fusion-builder-column-1{width:100% !important;}.fusion-builder-column-1 > .fusion-column-wrapper {margin-right : 0px;margin-left : 0px;}}<\/style><\/div><\/div><style type=\"text\/css\">.fusion-body .fusion-flex-container.fusion-builder-row-1{ padding-top : 80px;margin-top : 0px;padding-right : 0px;padding-bottom : 80px;margin-bottom : 0px;padding-left : 0px;}<\/style><\/div><div class=\"fusion-fullwidth fullwidth-box fusion-builder-row-2 fusion-flex-container nonhundred-percent-fullwidth non-hundred-percent-height-scrolling\" style=\"background-color: rgba(255,255,255,0);background-position: center center;background-repeat: no-repeat;border-width: 30px 0px 0px 0px;border-color:#ffffff;border-style:solid;\" ><div class=\"fusion-builder-row fusion-row fusion-flex-align-items-flex-start\" style=\"max-width:1144px;margin-left: calc(-4% \/ 2 );margin-right: calc(-4% \/ 2 );\"><div class=\"fusion-layout-column fusion_builder_column fusion-builder-column-2 fusion_builder_column_1_3 1_3 fusion-flex-column\"><div class=\"fusion-column-wrapper fusion-flex-justify-content-flex-start fusion-content-layout-column\" style=\"background-position:left top;background-repeat:no-repeat;-webkit-background-size:cover;-moz-background-size:cover;-o-background-size:cover;background-size:cover;padding: 0px 0px 0px 0px;\"><div style=\"text-align:center;\"><span class=\" fusion-imageframe imageframe-dropshadow imageframe-3 hover-type-none\" style=\"-webkit-box-shadow: 3px 3px 7px rgba(164,150,113,0.3);box-shadow: 3px 3px 7px rgba(164,150,113,0.3);\"><img width=\"225\" height=\"300\" title=\"Dr. Brigitte Leitner\" src=\"https:\/\/www.leitnerbrigitte.it\/20\/wp-content\/uploads\/2020\/09\/Brigitte-Leitner-225x300.jpg\" class=\"img-responsive wp-image-697\" srcset=\"https:\/\/www.leitnerbrigitte.it\/20\/wp-content\/uploads\/2020\/09\/Brigitte-Leitner-200x267.jpg 200w, https:\/\/www.leitnerbrigitte.it\/20\/wp-content\/uploads\/2020\/09\/Brigitte-Leitner.jpg 240w\" sizes=\"(max-width: 1280px) 100vw, (max-width: 1024px) 100vw, 225px\" \/><\/span><\/div><\/div><style type=\"text\/css\">.fusion-body .fusion-builder-column-2{width:33.333333333333% !important;margin-top : 0px;margin-bottom : 20px;}.fusion-builder-column-2 > .fusion-column-wrapper {padding-top : 0px !important;padding-right : 0px !important;margin-right : 5.76%;padding-bottom : 0px !important;padding-left : 0px !important;margin-left : 5.76%;}@media only screen and (max-width:1280px) {.fusion-body .fusion-builder-column-2{width:100% !important;order : 0;}.fusion-builder-column-2 > .fusion-column-wrapper {margin-right : 1.92%;margin-left : 1.92%;}}@media only screen and (max-width:1024px) {.fusion-body .fusion-builder-column-2{width:100% !important;order : 0;}.fusion-builder-column-2 > .fusion-column-wrapper {margin-right : 1.92%;margin-left : 1.92%;}}<\/style><\/div><div class=\"fusion-layout-column fusion_builder_column fusion-builder-column-3 fusion_builder_column_2_3 2_3 fusion-flex-column\"><div class=\"fusion-column-wrapper fusion-flex-justify-content-flex-start fusion-content-layout-column\" style=\"background-position:left top;background-repeat:no-repeat;-webkit-background-size:cover;-moz-background-size:cover;-o-background-size:cover;background-size:cover;padding: 0px 0px 0px 0px;\"><div class=\"fusion-text fusion-text-7\"><p style=\"text-align: center; font-size: 22px; line-height: 32px; font-weight: 300;\"><span style=\"color: #a49671;\"><strong>Dr. Brigitte Leitner<\/strong><\/span>,<\/p>\n<p style=\"text-align: center; font-size: 22px; line-height: 32px; font-weight: 300;\">Psychologin\u00a0und Psychotherapeutin<br \/>\n<em>(Kognitive Verhaltenstherapie),<\/em><br \/>\neingetragen in die Psychologenkammer der Provinz Bozen.<\/p>\n<p style=\"text-align: center; font-size: 22px; line-height: 32px; font-weight: 300;\">Zielgruppe: Erwachsene <em>(ab 18)<\/em><\/p>\n<\/div><div class=\"fusion-separator fusion-full-width-sep\" style=\"align-self: center;margin-left: auto;margin-right: auto;margin-top:10px;width:100%;\"><\/div><div style=\"text-align:center;\"><style type=\"text\/css\">.fusion-button.button-1 .fusion-button-text, .fusion-button.button-1 i {color:#ffffff;}.fusion-button.button-1 .fusion-button-icon-divider{border-color:#ffffff;}.fusion-button.button-1:hover .fusion-button-text, .fusion-button.button-1:hover i,.fusion-button.button-1:focus .fusion-button-text, .fusion-button.button-1:focus i,.fusion-button.button-1:active .fusion-button-text, .fusion-button.button-1:active{color:#e4e3c8;}.fusion-button.button-1:hover .fusion-button-icon-divider, .fusion-button.button-1:hover .fusion-button-icon-divider, .fusion-button.button-1:active .fusion-button-icon-divider{border-color:#e4e3c8;}.fusion-button.button-1:hover, .fusion-button.button-1:focus, .fusion-button.button-1:active{border-color:#6487c2;}.fusion-button.button-1 {border-color:#ffffff;border-radius:2px;}.fusion-button.button-1{background: #e4e3c8;}.fusion-button.button-1:hover,.button-1:focus,.fusion-button.button-1:active{background: #ffffff;}<\/style><a class=\"fusion-button button-flat fusion-button-default-size button-custom button-1 fusion-button-default-span fusion-button-default-type\" target=\"_self\" href=\"https:\/\/www.leitnerbrigitte.it\/20\/mich\"><i class=\"fa-plus fas button-icon-left\" aria-hidden=\"true\"><\/i><span class=\"fusion-button-text\">\u00dcber Mich<\/span><\/a><\/div><\/div><style type=\"text\/css\">.fusion-body .fusion-builder-column-3{width:66.666666666667% !important;margin-top : 0px;margin-bottom : 20px;}.fusion-builder-column-3 > .fusion-column-wrapper {padding-top : 0px !important;padding-right : 0px !important;margin-right : 2.88%;padding-bottom : 0px !important;padding-left : 0px !important;margin-left : 2.88%;}@media only screen and (max-width:1280px) {.fusion-body .fusion-builder-column-3{width:100% !important;order : 0;}.fusion-builder-column-3 > .fusion-column-wrapper {margin-right : 1.92%;margin-left : 1.92%;}}@media only screen and (max-width:1024px) {.fusion-body .fusion-builder-column-3{width:100% !important;order : 0;}.fusion-builder-column-3 > .fusion-column-wrapper {margin-right : 1.92%;margin-left : 1.92%;}}<\/style><\/div><\/div><style type=\"text\/css\">.fusion-body .fusion-flex-container.fusion-builder-row-2{ padding-top : 0px;margin-top : 30px;padding-right : 0px;padding-bottom : 40px;margin-bottom : 0px;padding-left : 0px;}<\/style><\/div>\n<\/p>\n","protected":false},"excerpt":{"rendered":"","protected":false},"author":1,"featured_media":0,"parent":0,"menu_order":0,"comment_status":"closed","ping_status":"closed","template":"100-width.php","meta":{"_bbp_topic_count":0,"_bbp_reply_count":0,"_bbp_total_topic_count":0,"_bbp_total_reply_count":0,"_bbp_voice_count":0,"_bbp_anonymous_reply_count":0,"_bbp_topic_count_hidden":0,"_bbp_reply_count_hidden":0,"_bbp_forum_subforum_count":0,"content-type":""},"yoast_head":"<!-- This site is optimized with the Yoast SEO plugin v17.8 - https:\/\/yoast.com\/wordpress\/plugins\/seo\/ -->\n<title>Kontakt &amp; Terminvereinbarung | Dr. Brigitte Leitner, Psychologin\u00a0und Psychotherapeutin<\/title>\n<meta name=\"description\" content=\"Bei Interesse an einem Erstgespr\u00e4ch kontaktieren Sie mich bitte telefonisch, mittels SMS (3491388139), per E-mail (leitner.brigitte@mailbox.org).\" \/>\n<meta name=\"robots\" content=\"index, follow, max-snippet:-1, max-image-preview:large, max-video-preview:-1\" \/>\n<link rel=\"canonical\" href=\"https:\/\/www.leitnerbrigitte.it\/20\/kontakt\/\" \/>\n<meta property=\"og:locale\" content=\"de_DE\" \/>\n<meta property=\"og:type\" content=\"article\" \/>\n<meta property=\"og:title\" content=\"Kontakt &amp; Terminvereinbarung | Dr. Brigitte Leitner, Psychologin\u00a0und Psychotherapeutin\" \/>\n<meta property=\"og:description\" content=\"Bei Interesse an einem Erstgespr\u00e4ch kontaktieren Sie mich bitte telefonisch, mittels SMS (3491388139), per E-mail (leitner.brigitte@mailbox.org).\" \/>\n<meta property=\"og:url\" content=\"https:\/\/www.leitnerbrigitte.it\/20\/kontakt\/\" \/>\n<meta property=\"og:site_name\" content=\"LEITNER BRIGITTE\" \/>\n<meta property=\"article:modified_time\" content=\"2021-05-13T14:15:16+00:00\" \/>\n<meta name=\"twitter:card\" content=\"summary_large_image\" \/>\n<meta name=\"twitter:label1\" content=\"Gesch\u00e4tzte Lesezeit\" \/>\n\t<meta name=\"twitter:data1\" content=\"8\u00a0Minuten\" \/>\n<script type=\"application\/ld+json\" class=\"yoast-schema-graph\">{\"@context\":\"https:\/\/schema.org\",\"@graph\":[{\"@type\":\"WebSite\",\"@id\":\"https:\/\/www.leitnerbrigitte.it\/20\/#website\",\"url\":\"https:\/\/www.leitnerbrigitte.it\/20\/\",\"name\":\"LEITNER BRIGITTE\",\"description\":\"Psychologin und Psychotherapeutin\",\"potentialAction\":[{\"@type\":\"SearchAction\",\"target\":{\"@type\":\"EntryPoint\",\"urlTemplate\":\"https:\/\/www.leitnerbrigitte.it\/20\/?s={search_term_string}\"},\"query-input\":\"required name=search_term_string\"}],\"inLanguage\":\"de\"},{\"@type\":\"WebPage\",\"@id\":\"https:\/\/www.leitnerbrigitte.it\/20\/kontakt\/#webpage\",\"url\":\"https:\/\/www.leitnerbrigitte.it\/20\/kontakt\/\",\"name\":\"Kontakt & Terminvereinbarung | Dr. Brigitte Leitner, Psychologin\\u00a0und Psychotherapeutin\",\"isPartOf\":{\"@id\":\"https:\/\/www.leitnerbrigitte.it\/20\/#website\"},\"datePublished\":\"2020-09-29T08:57:11+00:00\",\"dateModified\":\"2021-05-13T14:15:16+00:00\",\"description\":\"Bei Interesse an einem Erstgespr\\u00e4ch kontaktieren Sie mich bitte telefonisch, mittels SMS (3491388139), per E-mail (leitner.brigitte@mailbox.org).\",\"breadcrumb\":{\"@id\":\"https:\/\/www.leitnerbrigitte.it\/20\/kontakt\/#breadcrumb\"},\"inLanguage\":\"de\",\"potentialAction\":[{\"@type\":\"ReadAction\",\"target\":[\"https:\/\/www.leitnerbrigitte.it\/20\/kontakt\/\"]}]},{\"@type\":\"BreadcrumbList\",\"@id\":\"https:\/\/www.leitnerbrigitte.it\/20\/kontakt\/#breadcrumb\",\"itemListElement\":[{\"@type\":\"ListItem\",\"position\":1,\"name\":\"Startseite\",\"item\":\"https:\/\/www.leitnerbrigitte.it\/20\/\"},{\"@type\":\"ListItem\",\"position\":2,\"name\":\"Kontakt &#038; Terminvereinbarung\"}]}]}<\/script>\n<!-- \/ Yoast SEO plugin. -->","yoast_head_json":{"title":"Kontakt & Terminvereinbarung | Dr. Brigitte Leitner, Psychologin\u00a0und Psychotherapeutin","description":"Bei Interesse an einem Erstgespr\u00e4ch kontaktieren Sie mich bitte telefonisch, mittels SMS (3491388139), per E-mail (leitner.brigitte@mailbox.org).","robots":{"index":"index","follow":"follow","max-snippet":"max-snippet:-1","max-image-preview":"max-image-preview:large","max-video-preview":"max-video-preview:-1"},"canonical":"https:\/\/www.leitnerbrigitte.it\/20\/kontakt\/","og_locale":"de_DE","og_type":"article","og_title":"Kontakt & Terminvereinbarung | Dr. Brigitte Leitner, Psychologin\u00a0und Psychotherapeutin","og_description":"Bei Interesse an einem Erstgespr\u00e4ch kontaktieren Sie mich bitte telefonisch, mittels SMS (3491388139), per E-mail (leitner.brigitte@mailbox.org).","og_url":"https:\/\/www.leitnerbrigitte.it\/20\/kontakt\/","og_site_name":"LEITNER BRIGITTE","article_modified_time":"2021-05-13T14:15:16+00:00","twitter_card":"summary_large_image","twitter_misc":{"Gesch\u00e4tzte Lesezeit":"8\u00a0Minuten"},"schema":{"@context":"https:\/\/schema.org","@graph":[{"@type":"WebSite","@id":"https:\/\/www.leitnerbrigitte.it\/20\/#website","url":"https:\/\/www.leitnerbrigitte.it\/20\/","name":"LEITNER BRIGITTE","description":"Psychologin und Psychotherapeutin","potentialAction":[{"@type":"SearchAction","target":{"@type":"EntryPoint","urlTemplate":"https:\/\/www.leitnerbrigitte.it\/20\/?s={search_term_string}"},"query-input":"required name=search_term_string"}],"inLanguage":"de"},{"@type":"WebPage","@id":"https:\/\/www.leitnerbrigitte.it\/20\/kontakt\/#webpage","url":"https:\/\/www.leitnerbrigitte.it\/20\/kontakt\/","name":"Kontakt & Terminvereinbarung | Dr. Brigitte Leitner, Psychologin\u00a0und Psychotherapeutin","isPartOf":{"@id":"https:\/\/www.leitnerbrigitte.it\/20\/#website"},"datePublished":"2020-09-29T08:57:11+00:00","dateModified":"2021-05-13T14:15:16+00:00","description":"Bei Interesse an einem Erstgespr\u00e4ch kontaktieren Sie mich bitte telefonisch, mittels SMS (3491388139), per E-mail (leitner.brigitte@mailbox.org).","breadcrumb":{"@id":"https:\/\/www.leitnerbrigitte.it\/20\/kontakt\/#breadcrumb"},"inLanguage":"de","potentialAction":[{"@type":"ReadAction","target":["https:\/\/www.leitnerbrigitte.it\/20\/kontakt\/"]}]},{"@type":"BreadcrumbList","@id":"https:\/\/www.leitnerbrigitte.it\/20\/kontakt\/#breadcrumb","itemListElement":[{"@type":"ListItem","position":1,"name":"Startseite","item":"https:\/\/www.leitnerbrigitte.it\/20\/"},{"@type":"ListItem","position":2,"name":"Kontakt &#038; Terminvereinbarung"}]}]}},"_links":{"self":[{"href":"https:\/\/www.leitnerbrigitte.it\/20\/wp-json\/wp\/v2\/pages\/773"}],"collection":[{"href":"https:\/\/www.leitnerbrigitte.it\/20\/wp-json\/wp\/v2\/pages"}],"about":[{"href":"https:\/\/www.leitnerbrigitte.it\/20\/wp-json\/wp\/v2\/types\/page"}],"author":[{"embeddable":true,"href":"https:\/\/www.leitnerbrigitte.it\/20\/wp-json\/wp\/v2\/users\/1"}],"replies":[{"embeddable":true,"href":"https:\/\/www.leitnerbrigitte.it\/20\/wp-json\/wp\/v2\/comments?post=773"}],"version-history":[{"count":14,"href":"https:\/\/www.leitnerbrigitte.it\/20\/wp-json\/wp\/v2\/pages\/773\/revisions"}],"predecessor-version":[{"id":916,"href":"https:\/\/www.leitnerbrigitte.it\/20\/wp-json\/wp\/v2\/pages\/773\/revisions\/916"}],"wp:attachment":[{"href":"https:\/\/www.leitnerbrigitte.it\/20\/wp-json\/wp\/v2\/media?parent=773"}],"curies":[{"name":"wp","href":"https:\/\/api.w.org\/{rel}","templated":true}]}}